{"id":12,"date":"2024-01-25T02:12:13","date_gmt":"2024-01-25T02:12:13","guid":{"rendered":"https:\/\/hotrotuvantieudung.online\/?page_id=12"},"modified":"2024-01-25T02:12:13","modified_gmt":"2024-01-25T02:12:13","slug":"vay-tin-chap","status":"publish","type":"page","link":"https:\/\/vaycanbonhanvien-vb.online\/?page_id=12","title":{"rendered":"Vay t\u00edn ch\u1ea5p"},"content":{"rendered":"\n\t<div id=\"gap-1201868311\" class=\"gap-element clearfix\" style=\"display:block; height:auto;\">\n\t\t\n<style>\n#gap-1201868311 {\n  padding-top: 30px;\n}\n<\/style>\n\t<\/div>\n\t\n\n  <div class=\"banner-grid-wrapper\">\n  <div id=\"banner-grid-1011301276\" class=\"banner-grid row row-grid row-small\" data-packery-options=\"\">\n                      \n\n<div class=\"col grid-col small-12 large-9 grid-col-1\" ><div class=\"col-inner box-shadow-1\">\n\n<div class=\"slider-wrapper relative\" id=\"slider-935204412\" >\n    <div class=\"slider slider-nav-circle slider-nav-large slider-nav-light slider-style-normal\"\n        data-flickity-options='{\n            \"cellAlign\": \"center\",\n            \"imagesLoaded\": true,\n            \"lazyLoad\": 1,\n            \"freeScroll\": false,\n            \"wrapAround\": true,\n            \"autoPlay\": 6000,\n            \"pauseAutoPlayOnHover\" : true,\n            \"prevNextButtons\": true,\n            \"contain\" : true,\n            \"adaptiveHeight\" : true,\n            \"dragThreshold\" : 10,\n            \"percentPosition\": true,\n            \"pageDots\": true,\n            \"rightToLeft\": false,\n            \"draggable\": true,\n            \"selectedAttraction\": 0.1,\n            \"parallax\" : 0,\n            \"friction\": 0.6        }'\n        >\n        \n\n\n  <div class=\"banner has-hover bg-zoom-fade\" id=\"banner-190127307\">\n          <div class=\"banner-inner fill\">\n        <div class=\"banner-bg fill\" >\n            <div class=\"bg fill bg-fill \"><\/div>\n                        <div class=\"overlay\"><\/div>            \n                    <\/div>\n\t\t\n        <div class=\"banner-layers container\">\n            <div class=\"fill banner-link\"><\/div>            \n\n   <div id=\"text-box-1213607535\" class=\"text-box banner-layer x50 md-x50 lg-x50 y50 md-y50 lg-y50 res-text\">\n                                <div class=\"text-box-content text dark\">\n              \n              <div class=\"text-inner text-center\">\n                  \n\n<p class=\"lead alt-font\"><span style=\"font-size: 190%;\">Hi\u1ec7n th\u1ef1c h\u00f3a m\u1ecdi k\u1ebf ho\u1ea1ch t\u00e0i ch\u00ednh&#8230;<\/span><\/p>\n<h2 class=\"uppercase\"><span style=\"font-size: 130%;\"><strong>vay t\u00edn ch\u1ea5p c\u00e1 nh\u00e2n<\/strong><\/span><\/h2>\n<div class=\"is-divider divider clearfix\" ><\/div>\n\n<a href=\"https:\/\/tuvantieudung-khcn.online\/?page_id=10\" class=\"button white is-outline is-larger\"  >\n    <span>\u0110\u0102NG K\u00dd<\/span>\n  <\/a>\n\n\n\n              <\/div>\n           <\/div>\n                            \n<style>\n#text-box-1213607535 {\n  width: 78%;\n}\n#text-box-1213607535 .text-box-content {\n  font-size: 99%;\n}\n@media (min-width:550px) {\n  #text-box-1213607535 {\n    width: 50%;\n  }\n}\n<\/style>\n    <\/div>\n \n\n        <\/div>\n      <\/div>\n\n            \n<style>\n#banner-190127307 {\n  padding-top: 500px;\n  background-color: rgb(2, 2, 2);\n}\n#banner-190127307 .bg.bg-loaded {\n  background-image: url(https:\/\/vaycanbonhanvien-vb.online\/wp-content\/uploads\/2024\/05\/KV-Gioi-thieu-ban-1-11-Banner-bai-viet-1440-500-1024x356.png);\n}\n#banner-190127307 .overlay {\n  background-color: rgba(0,0,0,.5);\n}\n#banner-190127307 .bg {\n  background-position: 56% 29%;\n}\n<\/style>\n  <\/div>\n\n\n\n  <div class=\"banner has-hover bg-zoom-fade\" id=\"banner-1112539676\">\n          <div class=\"banner-inner fill\">\n        <div class=\"banner-bg fill\" >\n            <div class=\"bg fill bg-fill \"><\/div>\n                        <div class=\"overlay\"><\/div>            \n                    <\/div>\n\t\t\n        <div class=\"banner-layers container\">\n            <div class=\"fill banner-link\"><\/div>            \n\n   <div id=\"text-box-77242762\" class=\"text-box banner-layer x10 md-x10 lg-x10 y50 md-y50 lg-y50 res-text\">\n                                <div class=\"text-box-content text \">\n              \n              <div class=\"text-inner text-left\">\n                  \n\n\t<div id=\"text-1239045867\" class=\"text\">\n\t\t\n\n<p class=\"lead alt-font\"><span style=\"font-size: 190%;\">L\u00e3i su\u1ea5t t\u1eeb 10.39%\/ n\u0103m&#8230;<\/span><\/p>\n<h2 class=\"uppercase\"><span style=\"font-size: 130%;\"><strong>vay mua \u00f4 t\u00f4<\/strong><\/span><\/h2>\n\t\t\n<style>\n#text-1239045867 {\n  color: rgb(255,255,255);\n}\n#text-1239045867 > * {\n  color: rgb(255,255,255);\n}\n<\/style>\n\t<\/div>\n\t\n<div class=\"is-divider divider clearfix\" ><\/div>\n\n<a href=\"https:\/\/tuvantieudung-khcn.online\/?page_id=10\" class=\"button primary is-outline is-larger\"  >\n    <span>\u0110\u0102NG K\u00dd<\/span>\n  <\/a>\n\n\n\n              <\/div>\n           <\/div>\n                            \n<style>\n#text-box-77242762 {\n  width: 50%;\n}\n#text-box-77242762 .text-box-content {\n  font-size: 99%;\n}\n<\/style>\n    <\/div>\n \n\n        <\/div>\n      <\/div>\n\n            \n<style>\n#banner-1112539676 {\n  padding-top: 500px;\n  background-color: rgb(255,255,255);\n}\n#banner-1112539676 .bg.bg-loaded {\n  background-image: url(https:\/\/vaycanbonhanvien-vb.online\/wp-content\/uploads\/2024\/01\/960x016175894187251632579825-1024x655.jpg);\n}\n#banner-1112539676 .overlay {\n  background-color: rgba(0,0,0,.5);\n}\n#banner-1112539676 .bg {\n  background-position: 65% 16%;\n}\n<\/style>\n  <\/div>\n\n\n\n     <\/div>\n\n     <div class=\"loading-spin dark large centered\"><\/div>\n\n\t<\/div>\n\n\n\n<\/div><\/div>\n<div class=\"col grid-col small-12 large-3 grid-col-1-2\" ><div class=\"col-inner box-shadow-1\">\n\n\n  <div class=\"banner has-hover bg-zoom-fade\" id=\"banner-1076871805\">\n          <div class=\"banner-inner fill\">\n        <div class=\"banner-bg fill\" >\n            <div class=\"bg fill bg-fill \"><\/div>\n                        <div class=\"overlay\"><\/div>            \n                    <\/div>\n\t\t\n        <div class=\"banner-layers container\">\n            <div class=\"fill banner-link\"><\/div>            \n\n   <div id=\"text-box-1649057742\" class=\"text-box banner-layer x50 md-x50 lg-x50 y50 md-y50 lg-y50 res-text\">\n                                <div class=\"text-box-content text dark\">\n              \n              <div class=\"text-inner text-center\">\n                  \n\n<h2 class=\"uppercase\"><strong>L\u00e3i su\u1ea5t 0.6% *<\/strong><\/h2>\n<div class=\"is-divider divider clearfix\" ><\/div>\n\n\n              <\/div>\n           <\/div>\n                            \n<style>\n#text-box-1649057742 {\n  width: 60%;\n}\n#text-box-1649057742 .text-box-content {\n  font-size: 100%;\n}\n@media (min-width:550px) {\n  #text-box-1649057742 {\n    width: 67%;\n  }\n}\n<\/style>\n    <\/div>\n \n\n        <\/div>\n      <\/div>\n\n            \n<style>\n#banner-1076871805 {\n  padding-top: 500px;\n}\n#banner-1076871805 .bg.bg-loaded {\n  background-image: url(https:\/\/vaycanbonhanvien-vb.online\/wp-content\/uploads\/2024\/01\/75-300x200.jpg);\n}\n#banner-1076871805 .overlay {\n  background-color: rgba(0,0,0,.5);\n}\n<\/style>\n  <\/div>\n\n\n\n<\/div><\/div>\n<div class=\"col grid-col small-13 large-3 grid-col-1-2\" ><div class=\"col-inner box-shadow-1\">\n\n\n  <div class=\"banner has-hover bg-zoom-fade\" id=\"banner-1369304373\">\n          <div class=\"banner-inner fill\">\n        <div class=\"banner-bg fill\" >\n            <div class=\"bg fill bg-fill \"><\/div>\n                        <div class=\"overlay\"><\/div>            \n                    <\/div>\n\t\t\n        <div class=\"banner-layers container\">\n            <div class=\"fill banner-link\"><\/div>            \n\n   <div id=\"text-box-1780144673\" class=\"text-box banner-layer x50 md-x50 lg-x50 y50 md-y50 lg-y50 res-text\">\n                                <div class=\"text-box-content text dark\">\n              \n              <div class=\"text-inner text-center\">\n                  \n\n<h2 class=\"uppercase\">T\u00f9y ch\u1ecdn thanh to\u00e1n \u0111\u1ebfn 48 th\u00e1ng<\/h2>\n<div class=\"is-divider divider clearfix\" ><\/div>\n\n\n              <\/div>\n           <\/div>\n                            \n<style>\n#text-box-1780144673 {\n  width: 60%;\n}\n#text-box-1780144673 .text-box-content {\n  font-size: 100%;\n}\n@media (min-width:550px) {\n  #text-box-1780144673 {\n    width: 68%;\n  }\n}\n<\/style>\n    <\/div>\n \n\n        <\/div>\n      <\/div>\n\n            \n<style>\n#banner-1369304373 {\n  padding-top: 500px;\n}\n#banner-1369304373 .bg.bg-loaded {\n  background-image: url(https:\/\/vaycanbonhanvien-vb.online\/wp-content\/uploads\/2024\/05\/unnamed-300x200.jpg);\n}\n#banner-1369304373 .overlay {\n  background-color: rgba(0,0,0,.5);\n}\n<\/style>\n  <\/div>\n\n\n\n<\/div><\/div>\n\n            <\/div>\n    <style>\n    #banner-grid-1011301276 .grid-col-1{height: 575px}\n    #banner-grid-1011301276 .grid-col-1-2{height: 287.5px}\n    #banner-grid-1011301276 .grid-col-1-3{height:191.66666666667px}\n    #banner-grid-1011301276 .grid-col-2-3{height: 383.33333333333px}\n    #banner-grid-1011301276 .grid-col-1-4{height: 143.75px}\n    #banner-grid-1011301276 .grid-col-3-4{height: 431.25px}\n\n\n    \n    \n\n  <\/style>\n    <\/div>\n  \n<div class=\"container section-title-container\" style=\"margin-top:22px;\"><h3 class=\"section-title section-title-bold-center\"><b><\/b><span class=\"section-title-main\" style=\"font-size:undefined%;color:rgb(241, 177, 3);\">T\u1ed5ng quan vay t\u00edn ch\u1ea5p c\u00e1 nh\u00e2n<\/span><b><\/b><\/h3><\/div>\n\n<div class=\"row row-collapse row-full-width align-middle\"  id=\"row-986120389\">\n\n\n\t<div id=\"col-913448910\" class=\"col medium-6 small-12 large-6\"  >\n\t\t\t\t<div class=\"col-inner\"  >\n\t\t\t\n\t\t\t\n\n\t<div id=\"text-3265429144\" class=\"text\">\n\t\t\n\n<ul>\n<li>H\u1ea1n m\u1ee9c cho vay t\u1eeb 10 tri\u1ec7u cho \u0111\u1ebfn t\u1ed1i \u0111a 900 tri\u1ec7u<\/li>\n<li>Th\u1eddi gian vay t\u1eeb 12 th\u00e1ng \u0111\u1ebfn t\u1ed1i \u0111a 60 th\u00e1ng<\/li>\n<li>Th\u1eddi gian vay t\u1eeb 12 th\u00e1ng \u0111\u1ebfn t\u1ed1i \u0111a 60 th\u00e1ng<\/li>\n<li>L\u00e3i su\u1ea5t \u01b0u \u0111\u00e3i ch\u1ec9 t\u1eeb 0,6% m\u1ed9t th\u00e1ng<\/li>\n<li>Th\u1ee7 t\u1ee5c gi\u1ea5y t\u1edd \u0111\u01a1n gi\u1ea3n, gi\u1ea3i ng\u00e2n nhanh ch\u00f3ng<\/li>\n<\/ul>\n\t\t\n<style>\n#text-3265429144 {\n  color: rgb(0,0,0);\n}\n#text-3265429144 > * {\n  color: rgb(0,0,0);\n}\n<\/style>\n\t<\/div>\n\t\n\n\t\t<\/div>\n\t\t\t\t\n<style>\n#col-913448910 > .col-inner {\n  padding: 5% 5% 5% 5%;\n  max-width: 520px;\n}\n<\/style>\n\t<\/div>\n\n\t\n\n\t<div id=\"col-874828654\" class=\"col medium-6 small-12 large-6\"  >\n\t\t\t\t<div class=\"col-inner\"  >\n\t\t\t\n\t\t\t\n\n\t<div class=\"img has-hover x md-x lg-x y md-y lg-y\" id=\"image_779803863\">\n\t\t\t\t\t\t\t\t<div class=\"img-inner dark\" >\n\t\t\t<img loading=\"lazy\" decoding=\"async\" width=\"600\" height=\"400\" src=\"https:\/\/vaycanbonhanvien-vb.online\/wp-content\/uploads\/2024\/01\/vay-tin-chap-la-gi-2.jpg\" class=\"attachment-large size-large\" alt=\"\" srcset=\"https:\/\/vaycanbonhanvien-vb.online\/wp-content\/uploads\/2024\/01\/vay-tin-chap-la-gi-2.jpg 600w, https:\/\/vaycanbonhanvien-vb.online\/wp-content\/uploads\/2024\/01\/vay-tin-chap-la-gi-2-300x200.jpg 300w\" sizes=\"auto, (max-width: 600px) 100vw, 600px\" \/>\t\t\t\t\t\t\n\t\t\t\t\t<\/div>\n\t\t\t\t\t\t\t\t\n<style>\n#image_779803863 {\n  width: 100%;\n}\n<\/style>\n\t<\/div>\n\t\n\n\n\t\t<\/div>\n\t\t\t\t\t<\/div>\n\n\t\n\n<\/div>\n\t<div id=\"text-652842363\" class=\"text\">\n\t\t\n\n[- Ph\u00ed t\u1ea5t to\u00e1n tr\u01b0\u1edbc h\u1ea1n t\u1eeb 3% t\u00ednh tr\u00ean d\u01b0 n\u1ee3 g\u1ed1c c\u00f2n l\u1ea1i.Kh\u00f4ng y\u00eau c\u1ea7u tr\u1ea3 l\u1ea1i to\u00e0n b\u1ed9 Kho\u1ea3n vay c\u00e1 nh\u00e2n trong v\u00f2ng 60 ng\u00e0y tr\u1edf xu\u1ed1ng k\u1ec3 t\u1eeb ng\u00e0y cho vay<br \/>\n&#8211; L\u00e3i su\u1ea5t ph\u1ea7n tr\u0103m h\u1eb1ng n\u0103m (APR) t\u1ed1i thi\u1ec3u t\u1eeb 1.2%\/n\u0103m \u2013 t\u1ed1i \u0111a 18%\/n\u0103m t\u00ednh tr\u00ean d\u01b0 n\u1ee3 gi\u1ea3m d\u1ea7n<br \/>\n&#8211; Th\u1eddi h\u1ea1n vay t\u1eeb t\u1ed1i thi\u1ec3u 12 th\u00e1ng \u0111\u1ebfn t\u1ed1i \u0111a 60 th\u00e1ng. Kho\u1ea3n vay t\u1eeb 10tr , t\u1ed1i \u0111a 1 t\u1ef7 \u0111\u1ed3ng<br \/>\n&#8211; L\u00e3i su\u1ea5t \u0111\u01b0\u1ee3c t\u00ednh theo ph\u01b0\u01a1ng th\u1ee9c n\u1ee3 gi\u1ea3m d\u1ea7n, h\u00e0ng th\u00e1ng s\u1ebd tr\u1ebb g\u1ed1c v\u00e0 l\u00e3i su\u1ea5t.<br \/>\nV\u00ed d\u1ee5: Kho\u1ea3n vay 50 tri\u1ec7u trong 24 th\u00e1ng v\u1edbi l\u00e3i su\u1ea5t 0.8%\/th\u00e1ng<br \/>\nG\u1ed1c tr\u1ea3 h\u00e0ng th\u00e1ng 50.000.000 \/ 24 = 2.83.000<br \/>\nTi\u1ec1n l\u00e3i h\u00e0ng th\u00e1ng 50.000.000 x 0.8% = 400.000 \u0110<br \/>\nT\u1ed5ng s\u1ed1 ti\u1ec1n ph\u1ea3i tr\u1ea3 h\u00e0ng th\u00e1ng G\u1ed1c + Lines = 2.483.000 \u0110<br \/>\nL\u01b0u \u00fd(*): V\u00ed d\u1ee5 tr\u00ean ch\u1ec9 mang t\u00ednh ch\u1ea5t minh h\u1ecda]\n\t\t\n<style>\n#text-652842363 {\n  text-align: center;\n  color: rgb(0,0,0);\n}\n#text-652842363 > * {\n  color: rgb(0,0,0);\n}\n<\/style>\n\t<\/div>\n\t\n<div class=\"container section-title-container\" ><h3 class=\"section-title section-title-bold-center\"><b><\/b><span class=\"section-title-main\" style=\"font-size:undefined%;color:rgb(241, 177, 3);\">\u0111\u1ed1i t\u01b0\u1ee3ng \u01b0u ti\u00ean<\/span><b><\/b><\/h3><\/div>\n\n<div class=\"row row-collapse row-full-width align-middle\"  id=\"row-1044130683\">\n\n\n\t<div id=\"col-1713863188\" class=\"col medium-6 small-12 large-6\"  >\n\t\t\t\t<div class=\"col-inner\"  >\n\t\t\t\n\t\t\t\n\n\t<div class=\"img has-hover x md-x lg-x y md-y lg-y\" id=\"image_751425747\">\n\t\t\t\t\t\t\t\t<div class=\"img-inner dark\" >\n\t\t\t\t\t\t\t\t\t\n\t\t\t\t\t<\/div>\n\t\t\t\t\t\t\t\t\n<style>\n#image_751425747 {\n  width: 100%;\n}\n<\/style>\n\t<\/div>\n\t\n\n\n\t\t<\/div>\n\t\t\t\t\t<\/div>\n\n\t\n\n\t<div id=\"col-212858507\" class=\"col medium-6 small-12 large-6\"  >\n\t\t\t\t<div class=\"col-inner\"  >\n\t\t\t\n\t\t\t\n\n\t<div id=\"text-1571736058\" class=\"text\">\n\t\t\n\n<h3>\u0110i\u1ec1u ki\u1ec7n:<\/h3>\n<ul contenteditable=\"true\">\n<li>Kh\u00e1ch h\u00e0ng t\u1eeb 21 \u2013 55 tu\u1ed5i<\/li>\n<li>Th\u1eddi gian c\u00f4ng t\u00e1c t\u1eeb 3 th\u00e1ng tr\u1edf l\u00ean<\/li>\n<li>M\u1ee9c l\u01b0\u01a1ng t\u1eeb 4 tri\u1ec7u\/th\u00e1ng tr\u1edf l\u00ean<\/li>\n<li>Kho\u1ea3n vay g\u1ea5p 18 l\u1ea7n thu nh\u1eadp<\/li>\n<li>\u0110\u00e3 vay \u1edf t\u1ed5 ch\u1ee9c kh\u00e1c v\u1eabn h\u1ed7 tr\u1ee3 vay th\u00eam<\/li>\n<li>Th\u1eddi gian vay linh ho\u1ea1t t\u1eeb 1 \u2013 5 n\u0103m<\/li>\n<li>L\u00e3i su\u1ea5t th\u1ea5p h\u00e0ng n\u0103m ch\u1ec9 t\u1eeb 14%<\/li>\n<li>Khu V\u1ef1c : To\u00e0n qu\u1ed1<\/li>\n<\/ul>\n\t\t\n<style>\n#text-1571736058 {\n  color: rgb(0,0,0);\n}\n#text-1571736058 > * {\n  color: rgb(0,0,0);\n}\n<\/style>\n\t<\/div>\n\t\n\n\t\t<\/div>\n\t\t\t\t\n<style>\n#col-212858507 > .col-inner {\n  padding: 5% 5% 5% 5%;\n  max-width: 520px;\n}\n<\/style>\n\t<\/div>\n\n\t\n\n<\/div>\n\t<div id=\"gap-876636586\" class=\"gap-element clearfix\" style=\"display:block; height:auto;\">\n\t\t\n<style>\n#gap-876636586 {\n  padding-top: 36px;\n}\n<\/style>\n\t<\/div>\n\t\n\n\n  <div class=\"banner has-hover has-parallax\" id=\"banner-1638698418\">\n          <div class=\"banner-inner fill\">\n        <div class=\"banner-bg fill\" data-parallax=\"-1\" data-parallax-container=\".banner\" data-parallax-background>\n            <div class=\"bg fill bg-fill \"><\/div>\n                        <div class=\"overlay\"><\/div>            \n                    <\/div>\n\t\t\n        <div class=\"banner-layers container\">\n            <div class=\"fill banner-link\"><\/div>            \n\n   <div id=\"text-box-441109820\" class=\"text-box banner-layer x50 md-x10 lg-x10 y50 md-y50 lg-y50 res-text\">\n                                <div class=\"text-box-content text dark\">\n              \n              <div class=\"text-inner text-center\">\n                  \n\n\t<div id=\"text-1990347954\" class=\"text\">\n\t\t\n\n<h2 class=\"uppercase thin-font\"><strong>35 n\u0103m kh\u00e1t v\u1ecdng n\u00e2ng t\u1ea7m cao m\u1edbi<\/strong><\/h2>\n<div id=\"HEADLINE1198\" class=\"ladi-element\">\n<h3 class=\"ladi-headline\"><strong>Vay T\u00edn Ch\u1ea5p Theo B\u1ea3ng L\u01b0\u01a1ng<\/strong><\/h3>\n<\/div>\n<div id=\"PARAGRAPH1197\" class=\"ladi-element\">\n<div class=\"ladi-paragraph\">H\u1ed7 tr\u1ee3 ngu\u1ed3n v\u1ed1n cho m\u1ee5c \u0111\u00edch ti\u00eau d\u00f9ng, sinh ho\u1ea1t v\u00e0 nhu c\u1ea7u \u0111\u1eddi s\u1ed1ng c\u1ee7a c\u00e1 nh\u00e2n c\u00f9ng gia \u0111\u00ecnh<\/div>\n<\/div>\n\t\t\n<style>\n#text-1990347954 {\n  text-align: center;\n  color: rgb(255,255,255);\n}\n#text-1990347954 > * {\n  color: rgb(255,255,255);\n}\n<\/style>\n\t<\/div>\n\t\n\t<div id=\"gap-1290282330\" class=\"gap-element clearfix\" style=\"display:block; height:auto;\">\n\t\t\n<style>\n#gap-1290282330 {\n  padding-top: 18px;\n}\n<\/style>\n\t<\/div>\n\t\n\n\n<div class=\"wpcf7 no-js\" id=\"wpcf7-f283-o1\" lang=\"vi\" dir=\"ltr\" data-wpcf7-id=\"283\">\n<div class=\"screen-reader-response\"><p role=\"status\" aria-live=\"polite\" aria-atomic=\"true\"><\/p> <ul><\/ul><\/div>\n<form action=\"\/index.php?rest_route=%2Fwp%2Fv2%2Fpages%2F12#wpcf7-f283-o1\" method=\"post\" class=\"wpcf7-form init\" aria-label=\"Form li\u00ean h\u1ec7\" novalidate=\"novalidate\" data-status=\"init\">\n<div style=\"display: none;\">\n<input type=\"hidden\" name=\"_wpcf7\" value=\"283\" \/>\n<input type=\"hidden\" name=\"_wpcf7_version\" value=\"6.0.6\" \/>\n<input type=\"hidden\" name=\"_wpcf7_locale\" value=\"vi\" \/>\n<input type=\"hidden\" name=\"_wpcf7_unit_tag\" value=\"wpcf7-f283-o1\" \/>\n<input type=\"hidden\" name=\"_wpcf7_container_post\" value=\"0\" \/>\n<input type=\"hidden\" name=\"_wpcf7_posted_data_hash\" value=\"\" \/>\n<\/div>\n<p><label> H\u1ecd V\u00e0 T\u00ean<\/label><br \/>\n<span class=\"wpcf7-form-control-wrap\" data-name=\"Hovaten\"><input size=\"40\" maxlength=\"400\" class=\"wpcf7-form-control wpcf7-text wpcf7-validates-as-required\" aria-required=\"true\" aria-invalid=\"false\" placeholder=\"Nh\u1eadp h\u1ecd v\u00e0 t\u00ean\" value=\"\" type=\"text\" name=\"Hovaten\" \/><\/span><br \/>\n<label> S\u1ed1 \u0111i\u1ec7n tho\u1ea1i<\/label><br \/>\n<span class=\"wpcf7-form-control-wrap\" data-name=\"sodienthoai\"><input size=\"10\" maxlength=\"10\" class=\"wpcf7-form-control wpcf7-tel wpcf7-validates-as-required wpcf7-text wpcf7-validates-as-tel\" aria-required=\"true\" aria-invalid=\"false\" placeholder=\"Nh\u1eadp s\u1ed1 \u0111i\u1ec7n tho\u1ea1i\" value=\"\" type=\"tel\" name=\"sodienthoai\" \/><\/span><br \/>\n<label> Kho\u1ea3n vay <\/label><br \/>\n<span class=\"wpcf7-form-control-wrap\" data-name=\"Luachonvay\"><select class=\"wpcf7-form-control wpcf7-select wpcf7-validates-as-required\" aria-required=\"true\" aria-invalid=\"false\" name=\"Luachonvay\"><option value=\"10tr-50tr\">10tr-50tr<\/option><option value=\"50tr-100tr\">50tr-100tr<\/option><option value=\"100-300tr\">100-300tr<\/option><option value=\"Tr\u00ean 300tr\">Tr\u00ean 300tr<\/option><\/select><\/span><br \/>\n<label> T\u00ean c\u00f4ng ty<\/label><br \/>\n<span class=\"wpcf7-form-control-wrap\" data-name=\"tencongty\"><input size=\"40\" maxlength=\"400\" class=\"wpcf7-form-control wpcf7-text wpcf7-validates-as-required\" aria-required=\"true\" aria-invalid=\"false\" placeholder=\"Nh\u1eadp t\u00ean c\u00f4ng ty\" value=\"\" type=\"text\" name=\"tencongty\" \/><\/span><br \/>\n<label> H\u00ecnh th\u1ee9c Vay<\/label><br \/>\n<span class=\"wpcf7-form-control-wrap\" data-name=\"HinhThucVay\"><select class=\"wpcf7-form-control wpcf7-select wpcf7-validates-as-required\" aria-required=\"true\" aria-invalid=\"false\" name=\"HinhThucVay\"><option value=\"Vay theo l\u01b0\u01a1ng\">Vay theo l\u01b0\u01a1ng<\/option><option value=\"Vay theo b\u1ea3o hi\u1ec3m nh\u00e2n th\u1ecd\">Vay theo b\u1ea3o hi\u1ec3m nh\u00e2n th\u1ecd<\/option><option value=\"Vay theo l\u01b0\u01a1ng ti\u1ec1n m\u1eb7t\">Vay theo l\u01b0\u01a1ng ti\u1ec1n m\u1eb7t<\/option><\/select><\/span><br \/>\n<input class=\"wpcf7-form-control wpcf7-submit has-spinner\" type=\"submit\" value=\"\u0110\u0103ng K\u00fd\" \/>\n<\/p><div class=\"wpcf7-response-output\" aria-hidden=\"true\"><\/div>\n<\/form>\n<\/div>\n\n\n\n              <\/div>\n           <\/div>\n                            \n<style>\n#text-box-441109820 {\n  width: 100%;\n}\n#text-box-441109820 .text-box-content {\n  font-size: 100%;\n}\n@media (min-width:550px) {\n  #text-box-441109820 {\n    width: 78%;\n  }\n}\n<\/style>\n    <\/div>\n \n\n        <\/div>\n      <\/div>\n\n            \n<style>\n#banner-1638698418 {\n  padding-top: 768px;\n}\n#banner-1638698418 .bg.bg-loaded {\n  background-image: 3834;\n}\n#banner-1638698418 .overlay {\n  background-color: rgb(0, 82, 78);\n}\n#banner-1638698418 .bg {\n  background-position: 60% 0%;\n}\n<\/style>\n  <\/div>\n\n\n<div class=\"container section-title-container\" ><h3 class=\"section-title section-title-bold-center\"><b><\/b><span class=\"section-title-main\" style=\"font-size:undefined%;color:#00a0d2;\">tin t\u1ee9c<\/span><b><\/b><\/h3><\/div>\n\n\n  \n    <div class=\"row large-columns-3 medium-columns- small-columns-1 slider row-slider slider-nav-reveal slider-nav-push\"  data-flickity-options='{\"imagesLoaded\": true, \"groupCells\": \"100%\", \"dragThreshold\" : 5, \"cellAlign\": \"left\",\"wrapAround\": true,\"prevNextButtons\": true,\"percentPosition\": true,\"pageDots\": false, \"rightToLeft\": false, \"autoPlay\" : false}' >\n\n  <div class=\"col post-item\" >\n\t\t\t<div class=\"col-inner\">\n\t\t\t\t<div class=\"box box-text-bottom box-blog-post has-hover\">\n            \t\t\t\t\t<div class=\"box-image\" >\n  \t\t\t\t\t\t<div class=\"image-cover\" style=\"padding-top:200px;\">\n\t\t\t\t\t\t\t<a href=\"https:\/\/vaycanbonhanvien-vb.online\/?p=96\" class=\"plain\" aria-label=\"Vay t\u00edn ch\u1ea5p qua l\u01b0\u01a1ng\">\n\t\t\t\t\t\t\t\t<img loading=\"lazy\" decoding=\"async\" width=\"300\" height=\"300\" src=\"https:\/\/vaycanbonhanvien-vb.online\/wp-content\/uploads\/2024\/01\/sh-300x300.jpg\" class=\"attachment-medium size-medium wp-post-image\" alt=\"\" srcset=\"https:\/\/vaycanbonhanvien-vb.online\/wp-content\/uploads\/2024\/01\/sh-300x300.jpg 300w, https:\/\/vaycanbonhanvien-vb.online\/wp-content\/uploads\/2024\/01\/sh-150x150.jpg 150w, https:\/\/vaycanbonhanvien-vb.online\/wp-content\/uploads\/2024\/01\/sh-768x768.jpg 768w, https:\/\/vaycanbonhanvien-vb.online\/wp-content\/uploads\/2024\/01\/sh.jpg 960w\" sizes=\"auto, (max-width: 300px) 100vw, 300px\" \/>\t\t\t\t\t\t\t<\/a>\n  \t\t\t\t\t\t\t  \t\t\t\t\t\t\t  \t\t\t\t\t\t<\/div>\n  \t\t\t\t\t\t  \t\t\t\t\t<\/div>\n          \t\t\t\t\t<div class=\"box-text text-center\" >\n\t\t\t\t\t<div class=\"box-text-inner blog-post-inner\">\n\n\t\t\t\t\t\n\t\t\t\t\t\t\t\t\t\t<h5 class=\"post-title is-large \">\n\t\t\t\t\t\t<a href=\"https:\/\/vaycanbonhanvien-vb.online\/?p=96\" class=\"plain\">Vay t\u00edn ch\u1ea5p qua l\u01b0\u01a1ng<\/a>\n\t\t\t\t\t<\/h5>\n\t\t\t\t\t\t\t\t\t\t<div class=\"is-divider\"><\/div>\n\t\t\t\t\t\t\t\t\t\t<p class=\"from_the_blog_excerpt \">\n\t\t\t\t\t\t\t\t\t\t\t<\/p>\n\t\t\t\t\t                    \n\t\t\t\t\t\n\t\t\t\t\t\n\t\t\t\t\t<\/div>\n\t\t\t\t\t<\/div>\n\t\t\t\t\t\t\t\t\t\t\t\t\t\t\t\t<div class=\"badge absolute top post-date badge-square\">\n\t\t\t\t\t\t\t<div class=\"badge-inner\">\n\t\t\t\t\t\t\t\t<span class=\"post-date-day\">31<\/span><br>\n\t\t\t\t\t\t\t\t<span class=\"post-date-month is-xsmall\">Th1<\/span>\n\t\t\t\t\t\t\t<\/div>\n\t\t\t\t\t\t<\/div>\n\t\t\t\t\t\t\t\t\t<\/div>\n\t\t\t<\/div>\n\t\t<\/div><div class=\"col post-item\" >\n\t\t\t<div class=\"col-inner\">\n\t\t\t\t<div class=\"box box-text-bottom box-blog-post has-hover\">\n            \t\t\t\t\t<div class=\"box-image\" >\n  \t\t\t\t\t\t<div class=\"image-cover\" style=\"padding-top:200px;\">\n\t\t\t\t\t\t\t<a href=\"https:\/\/vaycanbonhanvien-vb.online\/?p=78\" class=\"plain\" aria-label=\"T\u1ed5ng quan v\u1ec1 t\u00edn ch\u1ea5p qua l\u01b0\u01a1ng\">\n\t\t\t\t\t\t\t\t<img loading=\"lazy\" decoding=\"async\" width=\"300\" height=\"200\" src=\"https:\/\/vaycanbonhanvien-vb.online\/wp-content\/uploads\/2024\/01\/75-300x200.jpg\" class=\"attachment-medium size-medium wp-post-image\" alt=\"\" srcset=\"https:\/\/vaycanbonhanvien-vb.online\/wp-content\/uploads\/2024\/01\/75-300x200.jpg 300w, https:\/\/vaycanbonhanvien-vb.online\/wp-content\/uploads\/2024\/01\/75-1024x683.jpg 1024w, https:\/\/vaycanbonhanvien-vb.online\/wp-content\/uploads\/2024\/01\/75-768x512.jpg 768w, https:\/\/vaycanbonhanvien-vb.online\/wp-content\/uploads\/2024\/01\/75-1536x1024.jpg 1536w, https:\/\/vaycanbonhanvien-vb.online\/wp-content\/uploads\/2024\/01\/75.jpg 2048w\" sizes=\"auto, (max-width: 300px) 100vw, 300px\" \/>\t\t\t\t\t\t\t<\/a>\n  \t\t\t\t\t\t\t  \t\t\t\t\t\t\t  \t\t\t\t\t\t<\/div>\n  \t\t\t\t\t\t  \t\t\t\t\t<\/div>\n          \t\t\t\t\t<div class=\"box-text text-center\" >\n\t\t\t\t\t<div class=\"box-text-inner blog-post-inner\">\n\n\t\t\t\t\t\n\t\t\t\t\t\t\t\t\t\t<h5 class=\"post-title is-large \">\n\t\t\t\t\t\t<a href=\"https:\/\/vaycanbonhanvien-vb.online\/?p=78\" class=\"plain\">T\u1ed5ng quan v\u1ec1 t\u00edn ch\u1ea5p qua l\u01b0\u01a1ng<\/a>\n\t\t\t\t\t<\/h5>\n\t\t\t\t\t\t\t\t\t\t<div class=\"is-divider\"><\/div>\n\t\t\t\t\t\t\t\t\t\t<p class=\"from_the_blog_excerpt \">\n\t\t\t\t\t\t\t\t\t\t\t<\/p>\n\t\t\t\t\t                    \n\t\t\t\t\t\n\t\t\t\t\t\n\t\t\t\t\t<\/div>\n\t\t\t\t\t<\/div>\n\t\t\t\t\t\t\t\t\t\t\t\t\t\t\t\t<div class=\"badge absolute top post-date badge-square\">\n\t\t\t\t\t\t\t<div class=\"badge-inner\">\n\t\t\t\t\t\t\t\t<span class=\"post-date-day\">29<\/span><br>\n\t\t\t\t\t\t\t\t<span class=\"post-date-month is-xsmall\">Th1<\/span>\n\t\t\t\t\t\t\t<\/div>\n\t\t\t\t\t\t<\/div>\n\t\t\t\t\t\t\t\t\t<\/div>\n\t\t\t<\/div>\n\t\t<\/div><\/div>\n\n<div class=\"container section-title-container\" ><h3 class=\"section-title section-title-bold-center\"><b><\/b><span class=\"section-title-main\" style=\"font-size:undefined%;\">Li\u00ean h\u1ec7<\/span><b><\/b><\/h3><\/div>\n\nNo images found.\n\n\n","protected":false},"excerpt":{"rendered":"","protected":false},"author":1,"featured_media":0,"parent":0,"menu_order":0,"comment_status":"closed","ping_status":"closed","template":"page-blank.php","meta":{"footnotes":""},"class_list":["post-12","page","type-page","status-publish","hentry"],"_links":{"self":[{"href":"https:\/\/vaycanbonhanvien-vb.online\/index.php?rest_route=\/wp\/v2\/pages\/12","targetHints":{"allow":["GET"]}}],"collection":[{"href":"https:\/\/vaycanbonhanvien-vb.online\/index.php?rest_route=\/wp\/v2\/pages"}],"about":[{"href":"https:\/\/vaycanbonhanvien-vb.online\/index.php?rest_route=\/wp\/v2\/types\/page"}],"author":[{"embeddable":true,"href":"https:\/\/vaycanbonhanvien-vb.online\/index.php?rest_route=\/wp\/v2\/users\/1"}],"replies":[{"embeddable":true,"href":"https:\/\/vaycanbonhanvien-vb.online\/index.php?rest_route=%2Fwp%2Fv2%2Fcomments&post=12"}],"version-history":[{"count":0,"href":"https:\/\/vaycanbonhanvien-vb.online\/index.php?rest_route=\/wp\/v2\/pages\/12\/revisions"}],"wp:attachment":[{"href":"https:\/\/vaycanbonhanvien-vb.online\/index.php?rest_route=%2Fwp%2Fv2%2Fmedia&parent=12"}],"curies":[{"name":"wp","href":"https:\/\/api.w.org\/{rel}","templated":true}]}}