{"id":13,"date":"2024-01-25T02:12:13","date_gmt":"2024-01-25T02:12:13","guid":{"rendered":"https:\/\/hotrotuvantieudung.online\/?page_id=13"},"modified":"2024-01-25T02:12:13","modified_gmt":"2024-01-25T02:12:13","slug":"mo-the-tin-dung","status":"publish","type":"page","link":"https:\/\/vaycanbonhanvien-vb.online\/?page_id=13","title":{"rendered":"M\u1edf Th\u1ebb T\u00edn D\u1ee5ng"},"content":{"rendered":"\n<div class=\"slider-wrapper relative\" id=\"slider-2057179918\" >\n    <div class=\"slider slider-nav-circle slider-nav-large slider-nav-light slider-style-normal\"\n        data-flickity-options='{\n            \"cellAlign\": \"center\",\n            \"imagesLoaded\": true,\n            \"lazyLoad\": 1,\n            \"freeScroll\": false,\n            \"wrapAround\": true,\n            \"autoPlay\": 6000,\n            \"pauseAutoPlayOnHover\" : true,\n            \"prevNextButtons\": true,\n            \"contain\" : true,\n            \"adaptiveHeight\" : true,\n            \"dragThreshold\" : 10,\n            \"percentPosition\": true,\n            \"pageDots\": true,\n            \"rightToLeft\": false,\n            \"draggable\": true,\n            \"selectedAttraction\": 0.1,\n            \"parallax\" : 0,\n            \"friction\": 0.6        }'\n        >\n        \n\n\n  <div class=\"banner has-hover\" id=\"banner-972961223\">\n          <div class=\"banner-inner fill\">\n        <div class=\"banner-bg fill\" >\n            <div class=\"bg fill bg-fill \"><\/div>\n                        <div class=\"overlay\"><\/div>            \n                    <\/div>\n\t\t\n        <div class=\"banner-layers container\">\n            <div class=\"fill banner-link\"><\/div>            \n\n   <div id=\"text-box-35364614\" class=\"text-box banner-layer x5 md-x5 lg-x5 y95 md-y50 lg-y50 res-text\">\n                                <div class=\"text-box-content text box-shadow-1\">\n              \n              <div class=\"text-inner text-left\">\n                  \n\n\t<div id=\"text-1265523867\" class=\"text\">\n\t\t\n\n<h6>\u00a0<\/h6>\n<h3 class=\"uppercase\">Gi\u1ea3i ph\u00e1p t\u00e0i ch\u00ednh th\u1ebb t\u00edn d\u1ee5ng ho\u00e0n h\u1ea3o<\/h3>\n<p>V\u1edbi chi\u1ebfc th\u1ebb t\u00edn d\u1ee5ng \u0111a n\u0103ng, b\u1ea1n s\u1ebd \u0111\u01b0\u1ee3c t\u1eadn h\u01b0\u1edfng nhi\u1ec1u \u01b0u \u0111\u00e3i khi chi ti\u00eau v\u00e0 d\u1ec5 d\u00e0ng r\u00fat ti\u1ec1n m\u1eb7t l\u00ean \u0111\u1ebfn 100% h\u1ea1n m\u1ee9c th\u1ebb&#8230;.<\/p>\n\t\t\n<style>\n#text-1265523867 {\n  color: rgb(255,255,255);\n}\n#text-1265523867 > * {\n  color: rgb(255,255,255);\n}\n<\/style>\n\t<\/div>\n\t\n<a href=\"https:\/\/tuvantieudung-khcn.online\/?page_id=10\" class=\"button primary is-gradient\"  >\n    <span>\u0111\u0103ng k\u00fd<\/span>\n  <\/a>\n\n\n\n              <\/div>\n           <\/div>\n                            \n<style>\n#text-box-35364614 .text-box-content {\n  background-color: rgba(255, 255, 255, 0);\n  font-size: 100%;\n}\n#text-box-35364614 .text-inner {\n  padding: 30px 30px 30px 30px;\n}\n#text-box-35364614 {\n  width: 90%;\n}\n@media (min-width:550px) {\n  #text-box-35364614 {\n    width: 44%;\n  }\n}\n<\/style>\n    <\/div>\n \n\n        <\/div>\n      <\/div>\n\n            \n<style>\n#banner-972961223 {\n  padding-top: 637px;\n  background-color: rgb(0,0,0);\n}\n#banner-972961223 .bg.bg-loaded {\n  background-image: url(https:\/\/vaycanbonhanvien-vb.online\/wp-content\/uploads\/2024\/05\/anhbi.jpg);\n}\n#banner-972961223 .overlay {\n  background-color: rgba(0,0,0,.5);\n}\n#banner-972961223 .bg {\n  background-position: 62% 60%;\n}\n<\/style>\n  <\/div>\n\n\n\n  <div class=\"banner has-hover\" id=\"banner-541926466\">\n          <div class=\"banner-inner fill\">\n        <div class=\"banner-bg fill\" >\n            <div class=\"bg fill bg-fill \"><\/div>\n                        <div class=\"overlay\"><\/div>            \n                    <\/div>\n\t\t\n        <div class=\"banner-layers container\">\n            <div class=\"fill banner-link\"><\/div>            \n\n   <div id=\"text-box-1300072059\" class=\"text-box banner-layer x5 md-x5 lg-x5 y90 md-y50 lg-y50 res-text\">\n                                <div class=\"text-box-content text box-shadow-1\">\n              \n              <div class=\"text-inner text-left\">\n                  \n\n\t<div id=\"text-2758432395\" class=\"text\">\n\t\t\n\n<h3 class=\"uppercase\">\u01b0u \u0111i\u1ec3m v\u01b0\u1ee3t tr\u1ed9i<\/h3>\n<div class=\"usp-item-big\"><span class=\"usp-big-number\">1%<\/span><span class=\"usp-big-unit\">Ph\u00ed r\u00fat ti\u1ec1n<\/span><\/div>\n<div class=\"usp-item-title\">Cho c\u00e1c giao d\u1ecbch r\u00fat ti\u1ec1n m\u1eb7t t\u1ea1i ATM l\u00ean \u0111\u1ebfn 100% h\u1ea1n m\u1ee9c th\u1ebb&#8230;&#8230;..<\/div>\n<p>\u00a0<\/p>\n\t\t\n<style>\n#text-2758432395 {\n  color: rgb(255,255,255);\n}\n#text-2758432395 > * {\n  color: rgb(255,255,255);\n}\n<\/style>\n\t<\/div>\n\t\n<a href=\"https:\/\/tuvantieudung-khcn.online\/?page_id=10\" class=\"button primary\"  >\n    <span>\u0111\u0103ng k\u00fd<\/span>\n  <\/a>\n\n\n\n              <\/div>\n           <\/div>\n                            \n<style>\n#text-box-1300072059 .text-box-content {\n  background-color: rgba(255, 255, 255, 0);\n  font-size: 100%;\n}\n#text-box-1300072059 .text-inner {\n  padding: 30px 30px 30px 30px;\n}\n#text-box-1300072059 {\n  width: 88%;\n}\n@media (min-width:550px) {\n  #text-box-1300072059 {\n    width: 50%;\n  }\n}\n<\/style>\n    <\/div>\n \n\n        <\/div>\n      <\/div>\n\n            \n<style>\n#banner-541926466 {\n  padding-top: 637px;\n  background-color: rgb(0,0,0);\n}\n#banner-541926466 .bg.bg-loaded {\n  background-image: url(https:\/\/vaycanbonhanvien-vb.online\/wp-content\/uploads\/2024\/05\/65.png);\n}\n#banner-541926466 .overlay {\n  background-color: rgba(0,0,0,.5);\n}\n#banner-541926466 .bg {\n  background-position: 62% 68%;\n}\n<\/style>\n  <\/div>\n\n\n\n     <\/div>\n\n     <div class=\"loading-spin dark large centered\"><\/div>\n\n\t<\/div>\n\n\n\t<section class=\"section\" id=\"section_116737025\">\n\t\t<div class=\"bg section-bg fill bg-fill  bg-loaded\" >\n\n\t\t\t\n\t\t\t\n\t\t\t\n\n\t\t<\/div>\n\n\t\t\n\n\t\t<div class=\"section-content relative\">\n\t\t\t\n\n<div class=\"row row-large align-center row-divided\"  id=\"row-1405150531\">\n\n\n\t<div id=\"col-957990936\" class=\"col medium-4 large-4\"  >\n\t\t\t\t<div class=\"col-inner\"  >\n\t\t\t\n\t\t\t\n\n\n\t\t<div class=\"icon-box featured-box icon-box-center text-center\"  style=\"margin:0px 0px 0px 0px;\">\n\t\t\t\t\t<div class=\"icon-box-img has-icon-bg\" style=\"width: 60px\">\n\t\t\t\t<div class=\"icon\">\n\t\t\t\t\t<div class=\"icon-inner\" style=\"border-width:2px;\">\n\t\t\t\t\t\t\t\t\t\t\t<\/div>\n\t\t\t\t<\/div>\n\t\t\t<\/div>\n\t\t\t\t<div class=\"icon-box-text last-reset\">\n\t\t\t<h5 class=\"uppercase\">th\u1ebb t\u00edn d\u1ee5ng n\u1ed9i \u0111\u1ecba<\/h5>\t\t\t\t\t\t\n\n\t<div id=\"text-190215989\" class=\"text\">\n\t\t\n\n<p>Kh\u00f4ng m\u1ea5t ph\u00ed th\u01b0\u1eddng ni\u00ean, r\u00fat ti\u1ec1n m\u1eb7t \u1edf t\u1ea5t c\u1ea3 c\u00e1c ATM tr\u00ean to\u00e0n qu\u1ed1c kh\u00f4ng m\u1ea5t ph\u00ed<\/p>\n\t\t\n<style>\n#text-190215989 {\n  color: rgb(0,0,0);\n}\n#text-190215989 > * {\n  color: rgb(0,0,0);\n}\n<\/style>\n\t<\/div>\n\t\n\n\t\t<\/div>\n\t<\/div>\n\t\n\t\n\n\t\t<\/div>\n\t\t\t\t\t<\/div>\n\n\t\n\n\t<div id=\"col-1046661126\" class=\"col medium-4 large-4\"  >\n\t\t\t\t<div class=\"col-inner\"  >\n\t\t\t\n\t\t\t\n\n\n\t\t<div class=\"icon-box featured-box icon-box-center text-center\"  style=\"margin:0px 0px 0px 0px;\">\n\t\t\t\t\t<div class=\"icon-box-img has-icon-bg\" style=\"width: 60px\">\n\t\t\t\t<div class=\"icon\">\n\t\t\t\t\t<div class=\"icon-inner\" style=\"border-width:2px;\">\n\t\t\t\t\t\t\t\t\t\t\t<\/div>\n\t\t\t\t<\/div>\n\t\t\t<\/div>\n\t\t\t\t<div class=\"icon-box-text last-reset\">\n\t\t\t<h5 class=\"uppercase\">th\u1ebb t\u00edn d\u1ee5ng qu\u1ed1c t\u1ebf<\/h5>\t\t\t\t\t\t\n\n\t<div id=\"text-3724583917\" class=\"text\">\n\t\t\n\n<p>Ph\u00ed ph\u00e1t h\u00e0nh l\u1ea7n \u0111\u1ea7u<\/p>\n<p>Ph\u00ed th\u01b0\u1eddng ni\u00ean n\u0103m \u0111\u1ea7u v\u00e0 c\u00e1c n\u0103m sau (cho th\u1ebb ch\u00ednh v\u00e0 th\u1ebb ph\u1ee5)\u00a0<em>(\u00e1p d\u1ee5ng \u0111\u1ed1i v\u1edbi t\u1ea5t c\u1ea3 KH\u01afT). <\/em>Ph\u00ed \u0111\u0103ng k\u00fd d\u1ecbch v\u1ee5 th\u00f4ng b\u00e1o bi\u1ebfn \u0111\u1ed9ng giao d\u1ecbch b\u1eb1ng SMS\u00a0<\/p>\n\t\t\n<style>\n#text-3724583917 {\n  color: rgb(0,0,0);\n}\n#text-3724583917 > * {\n  color: rgb(0,0,0);\n}\n<\/style>\n\t<\/div>\n\t\n\n\t\t<\/div>\n\t<\/div>\n\t\n\t\n\n\t\t<\/div>\n\t\t\t\t\t<\/div>\n\n\t\n\n\t<div id=\"col-961502912\" class=\"col medium-4 large-4\"  >\n\t\t\t\t<div class=\"col-inner\"  >\n\t\t\t\n\t\t\t\n\n\n\t\t<div class=\"icon-box featured-box icon-box-center text-center\"  style=\"margin:0px 0px 0px 0px;\">\n\t\t\t\t\t<div class=\"icon-box-img has-icon-bg\" style=\"width: 60px\">\n\t\t\t\t<div class=\"icon\">\n\t\t\t\t\t<div class=\"icon-inner\" style=\"border-width:2px;\">\n\t\t\t\t\t\t\t\t\t\t\t<\/div>\n\t\t\t\t<\/div>\n\t\t\t<\/div>\n\t\t\t\t<div class=\"icon-box-text last-reset\">\n\t\t\t<h5 class=\"uppercase\">th\u1ebb tr\u1ea3 tr\u01b0\u1edbc<\/h5>\t\t\t\t\t\t\n\n\t<div id=\"text-699170467\" class=\"text\">\n\t\t\n\n<p>h\u1ebb \u0111\u01b0\u1ee3c s\u1eed d\u1ee5ng \u0111\u1ec3 thanh to\u00e1n h\u00e0ng h\u00f3a d\u1ecbch v\u1ee5 t\u1ea1i c\u00e1c \u0110\u01a1n v\u1ecb ch\u1ea5p nh\u1eadn th\u1ebb v\u00e0 c\u00e1c giao d\u1ecbch phi t\u00e0i ch\u00ednh (V\u1ea5n tin, in sao k\u00ea) t\u1ea1i ATM, POS.<\/p>\n\t\t\n<style>\n#text-699170467 {\n  color: rgb(0,0,0);\n}\n#text-699170467 > * {\n  color: rgb(0,0,0);\n}\n<\/style>\n\t<\/div>\n\t\n\n\t\t<\/div>\n\t<\/div>\n\t\n\t\n\n\t\t<\/div>\n\t\t\t\t\t<\/div>\n\n\t\n\n<\/div>\n\n\t\t<\/div>\n\n\t\t\n<style>\n#section_116737025 {\n  padding-top: 30px;\n  padding-bottom: 30px;\n  background-color: rgb(255, 255, 255);\n}\n<\/style>\n\t<\/section>\n\t\n\t<section class=\"section\" id=\"section_222240666\">\n\t\t<div class=\"bg section-bg fill bg-fill  \" >\n\n\t\t\t\n\t\t\t<div class=\"section-bg-overlay absolute fill\"><\/div>\n\t\t\t\n\t<div class=\"is-border\"\n\t\tstyle=\"border-width:1px 0px 1px 0px;\">\n\t<\/div>\n\n\t\t<\/div>\n\n\t\t\n\n\t\t<div class=\"section-content relative\">\n\t\t\t\n\n<div class=\"row row-large align-middle\"  id=\"row-303386230\">\n\n\n\t<div id=\"col-711665332\" class=\"col medium-6 small-12 large-6\"  >\n\t\t\t\t<div class=\"col-inner\"  >\n\t\t\t\n\t\t\t\n\n\t<div class=\"img has-hover x md-x lg-x y md-y lg-y\" id=\"image_1287295164\">\n\t\t\t\t\t\t\t\t<div class=\"img-inner box-shadow-2 dark\" >\n\t\t\t\t\t\t\t\t\t\n\t\t\t\t\t<\/div>\n\t\t\t\t\t\t\t\t\n<style>\n#image_1287295164 {\n  width: 100%;\n}\n<\/style>\n\t<\/div>\n\t\n\n\n\t\t<\/div>\n\t\t\t\t\t<\/div>\n\n\t\n\n\t<div id=\"col-221160799\" class=\"col medium-6 small-12 large-6\"  >\n\t\t\t\t<div class=\"col-inner text-left\"  >\n\t\t\t\n\t\t\t\n\n\t<div id=\"text-6586031\" class=\"text\">\n\t\t\n\n<h2 class=\"uppercase\">Gi\u1ea3i ph\u00e1p t\u00e0i ch\u00ednh th\u1ebb t\u00edn d\u1ee5ng ho\u00e0n h\u1ea3o<\/h2>\n<ul>\n<li>R\u00fat ti\u1ec1n m\u1eb7t l\u00ean \u0111\u1ebfn 100% h\u1ea1n m\u1ee9c th\u1ebb ch\u1ec9 v\u1edbi 1% ph\u00ed r\u00fat ti\u1ec1n<\/li>\n<li>\u201dMua tr\u01b0\u1edbc, tr\u1ea3 sau\u201d v\u1edbi th\u1eddi gian mi\u1ec5n l\u00e3i l\u00ean \u0111\u1ebfn 45 ng\u00e0y<\/li>\n<li>Tr\u1ea3 g\u00f3p linh ho\u1ea1t v\u1edbi \u01b0u \u0111\u00e3i 0% l\u00e3i su\u1ea5t<\/li>\n<li>T\u00edch l\u0169y \u0111i\u1ec3m th\u01b0\u1edfng kh\u00f4ng gi\u1edbi h\u1ea1n v\u1edbi 0.5% s\u1ed1 ti\u1ec1n giao d\u1ecbch<\/li>\n<li>D\u1ec5 d\u00e0ng r\u00fat ti\u1ec1n m\u1eb7t b\u1eb1ng th\u1ebb phi v\u1eadt l\u00fd t\u1ea1i qu\u1ea7y giao d\u1ecbch sau khi ph\u00e1t h\u00e0nh th\u1ebb th\u00e0nh c\u00f4ng tr\u00ean<\/li>\n<\/ul>\n<p>.<\/p>\n\t\t\n<style>\n#text-6586031 {\n  color: rgb(255,255,255);\n}\n#text-6586031 > * {\n  color: rgb(255,255,255);\n}\n<\/style>\n\t<\/div>\n\t\n<a href=\"https:\/\/tuvantieudung-khcn.online\/?page_id=10\" class=\"button primary\"  >\n    <span>\u0111\u0103ng k\u00fd m\u1edf th\u1ebb<\/span>\n  <\/a>\n\n\n\n\t\t<\/div>\n\t\t\t\t\t<\/div>\n\n\t\n\n<\/div>\n\n\t\t<\/div>\n\n\t\t\n<style>\n#section_222240666 {\n  padding-top: 60px;\n  padding-bottom: 60px;\n  background-color: rgb(0,0,0);\n}\n#section_222240666 .section-bg-overlay {\n  background-color: rgba(0,0,0,.5);\n}\n#section_222240666 .section-bg.bg-loaded {\n  background-image: 107;\n}\n<\/style>\n\t<\/section>\n\t\n\t<section class=\"section\" id=\"section_909712073\">\n\t\t<div class=\"bg section-bg fill bg-fill  bg-loaded\" >\n\n\t\t\t\n\t\t\t<div class=\"section-bg-overlay absolute fill\"><\/div>\n\t\t\t\n\n\t\t<\/div>\n\n\t\t\n\n\t\t<div class=\"section-content relative\">\n\t\t\t\n\n<div class=\"row row-large align-middle\"  id=\"row-2095537480\">\n\n\n\t<div id=\"col-665301325\" class=\"col medium-6 small-12 large-6\"  >\n\t\t\t\t<div class=\"col-inner text-left\"  >\n\t\t\t\n\t\t\t\n\n\t<div id=\"text-484953558\" class=\"text\">\n\t\t\n\n<h2 class=\"uppercase\">gi\u1ea3i ph\u00e1t t\u00e0i ch\u00ednh ho\u00e0n h\u1ea3o<\/h2>\n<p>V\u1edbi chi\u1ebfc th\u1ebb t\u00edn d\u1ee5ng \u0111a n\u0103ng, b\u1ea1n s\u1ebd \u0111\u01b0\u1ee3c t\u1eadn h\u01b0\u1edfng nhi\u1ec1u \u01b0u \u0111\u00e3i khi chi ti\u00eau v\u00e0 d\u1ec5 d\u00e0ng r\u00fat ti\u1ec1n m\u1eb7t l\u00ean \u0111\u1ebfn 100% h\u1ea1n m\u1ee9c th\u1ebb<\/p>\n\t\t\n<style>\n#text-484953558 {\n  color: rgb(0,0,0);\n}\n#text-484953558 > * {\n  color: rgb(0,0,0);\n}\n<\/style>\n\t<\/div>\n\t\n<a href=\"https:\/\/tuvantieudung-khcn.online\/?page_id=10\" class=\"button primary is-shade\"  style=\"border-radius:60px;\">\n    <span>m\u1edf th\u1ebb ngay<\/span>\n  <\/a>\n\n\n\n\t\t<\/div>\n\t\t\t\t\t<\/div>\n\n\t\n\n\t<div id=\"col-525062641\" class=\"col medium-6 small-12 large-6\"  >\n\t\t\t\t<div class=\"col-inner\"  >\n\t\t\t\n\t\t\t\n\n\t<div class=\"img has-hover x md-x lg-x y md-y lg-y\" id=\"image_1923180318\">\n\t\t\t\t\t\t\t\t<div class=\"img-inner box-shadow-2 dark\" >\n\t\t\t\t\t\t\t\t\t\n\t\t\t\t\t<\/div>\n\t\t\t\t\t\t\t\t\n<style>\n#image_1923180318 {\n  width: 100%;\n}\n<\/style>\n\t<\/div>\n\t\n\n\n\t\t<\/div>\n\t\t\t\t\t<\/div>\n\n\t\n\n<\/div>\n\n\t\t<\/div>\n\n\t\t\n<style>\n#section_909712073 {\n  padding-top: 60px;\n  padding-bottom: 60px;\n  background-color: rgb(255, 255, 255);\n}\n#section_909712073 .section-bg-overlay {\n  background-color: rgba(255, 255, 255, 0.85);\n}\n<\/style>\n\t<\/section>\n\t\n\t<section class=\"section\" id=\"section_1197558137\">\n\t\t<div class=\"bg section-bg fill bg-fill  bg-loaded\" >\n\n\t\t\t\n\t\t\t\n\t\t\t\n\t<div class=\"is-border\"\n\t\tstyle=\"border-width:1px 0px 1px 0px;\">\n\t<\/div>\n\n\t\t<\/div>\n\n\t\t\n\n\t\t<div class=\"section-content relative\">\n\t\t\t\n\n<div class=\"row align-equal\"  id=\"row-914124623\">\n\n\n\t<div id=\"col-2117613784\" class=\"col medium-3 small-12 large-3\"  >\n\t\t\t\t<div class=\"col-inner\"  >\n\t\t\t\n\t\t\t\n\n\t<div id=\"text-2685696485\" class=\"text\">\n\t\t\n\n<h2 class=\"uppercase\">th\u1ebb t\u00edn d\u1ee5ng<\/h2>\n<p>\u0110\u0103ng k\u00fd m\u1edf th\u1ebb t\u00edn d\u1ee5ng mi\u1ec5n ph\u00ed h\u1ea1n m\u1ee9c \u01b0u \u0111\u00e3i..<\/p>\n<p>\u00a0<\/p>\n\t\t\n<style>\n#text-2685696485 {\n  color: rgb(0,0,0);\n}\n#text-2685696485 > * {\n  color: rgb(0,0,0);\n}\n<\/style>\n\t<\/div>\n\t\n<a href=\"https:\/\/tuvantieudung-khcn.online\/?page_id=10\" class=\"button primary\"  >\n    <span>\u0111\u0103ng k\u00fd<\/span>\n  <\/a>\n\n\n\n\t\t<\/div>\n\t\t\t\t\t<\/div>\n\n\t\n\n\t<div id=\"col-1248588167\" class=\"col medium-9 small-12 large-9\"  >\n\t\t\t\t<div class=\"col-inner\"  >\n\t\t\t\n\t\t\t\n\n\n  \n    <div class=\"row large-columns-2 medium-columns- small-columns-1 has-shadow row-box-shadow-1 slider row-slider slider-nav-circle\"  data-flickity-options='{\"imagesLoaded\": true, \"groupCells\": \"100%\", \"dragThreshold\" : 5, \"cellAlign\": \"left\",\"wrapAround\": true,\"prevNextButtons\": true,\"percentPosition\": true,\"pageDots\": false, \"rightToLeft\": false, \"autoPlay\" : false}' >\n\n  <div class=\"col post-item\" >\n\t\t\t<div class=\"col-inner\">\n\t\t\t\t<div class=\"box box-vertical box-text-bottom box-blog-post has-hover\">\n            \t\t\t\t\t<div class=\"box-image\" style=\"width:40%;\">\n  \t\t\t\t\t\t<div class=\"image-cover\" style=\"padding-top:223px;\">\n\t\t\t\t\t\t\t<a href=\"https:\/\/vaycanbonhanvien-vb.online\/?p=96\" class=\"plain\" aria-label=\"Vay t\u00edn ch\u1ea5p qua l\u01b0\u01a1ng\">\n\t\t\t\t\t\t\t\t<img loading=\"lazy\" decoding=\"async\" width=\"300\" height=\"300\" src=\"https:\/\/vaycanbonhanvien-vb.online\/wp-content\/uploads\/2024\/01\/sh-300x300.jpg\" class=\"attachment-medium size-medium wp-post-image\" alt=\"\" srcset=\"https:\/\/vaycanbonhanvien-vb.online\/wp-content\/uploads\/2024\/01\/sh-300x300.jpg 300w, https:\/\/vaycanbonhanvien-vb.online\/wp-content\/uploads\/2024\/01\/sh-150x150.jpg 150w, https:\/\/vaycanbonhanvien-vb.online\/wp-content\/uploads\/2024\/01\/sh-768x768.jpg 768w, https:\/\/vaycanbonhanvien-vb.online\/wp-content\/uploads\/2024\/01\/sh.jpg 960w\" sizes=\"auto, (max-width: 300px) 100vw, 300px\" \/>\t\t\t\t\t\t\t<\/a>\n  \t\t\t\t\t\t\t  \t\t\t\t\t\t\t  \t\t\t\t\t\t<\/div>\n  \t\t\t\t\t\t  \t\t\t\t\t<\/div>\n          \t\t\t\t\t<div class=\"box-text text-left\" style=\"background-color:rgb(255, 255, 255);\">\n\t\t\t\t\t<div class=\"box-text-inner blog-post-inner\">\n\n\t\t\t\t\t\n\t\t\t\t\t\t\t\t\t\t<h5 class=\"post-title is-large \">\n\t\t\t\t\t\t<a href=\"https:\/\/vaycanbonhanvien-vb.online\/?p=96\" class=\"plain\">Vay t\u00edn ch\u1ea5p qua l\u01b0\u01a1ng<\/a>\n\t\t\t\t\t<\/h5>\n\t\t\t\t\t\t\t\t\t\t<div class=\"is-divider\"><\/div>\n\t\t\t\t\t\t\t\t\t\t<p class=\"from_the_blog_excerpt \">\n\t\t\t\t\t\t\t\t\t\t\t<\/p>\n\t\t\t\t\t                    \n\t\t\t\t\t\n\t\t\t\t\t\n\t\t\t\t\t<\/div>\n\t\t\t\t\t<\/div>\n\t\t\t\t\t\t\t\t\t\t\t\t\t\t\t\t<div class=\"badge absolute top post-date badge-outline\">\n\t\t\t\t\t\t\t<div class=\"badge-inner\">\n\t\t\t\t\t\t\t\t<span class=\"post-date-day\">31<\/span><br>\n\t\t\t\t\t\t\t\t<span class=\"post-date-month is-xsmall\">Th1<\/span>\n\t\t\t\t\t\t\t<\/div>\n\t\t\t\t\t\t<\/div>\n\t\t\t\t\t\t\t\t\t<\/div>\n\t\t\t<\/div>\n\t\t<\/div><div class=\"col post-item\" >\n\t\t\t<div class=\"col-inner\">\n\t\t\t\t<div class=\"box box-vertical box-text-bottom box-blog-post has-hover\">\n            \t\t\t\t\t<div class=\"box-image\" style=\"width:40%;\">\n  \t\t\t\t\t\t<div class=\"image-cover\" style=\"padding-top:223px;\">\n\t\t\t\t\t\t\t<a href=\"https:\/\/vaycanbonhanvien-vb.online\/?p=78\" class=\"plain\" aria-label=\"T\u1ed5ng quan v\u1ec1 t\u00edn ch\u1ea5p qua l\u01b0\u01a1ng\">\n\t\t\t\t\t\t\t\t<img loading=\"lazy\" decoding=\"async\" width=\"300\" height=\"200\" src=\"https:\/\/vaycanbonhanvien-vb.online\/wp-content\/uploads\/2024\/01\/75-300x200.jpg\" class=\"attachment-medium size-medium wp-post-image\" alt=\"\" srcset=\"https:\/\/vaycanbonhanvien-vb.online\/wp-content\/uploads\/2024\/01\/75-300x200.jpg 300w, https:\/\/vaycanbonhanvien-vb.online\/wp-content\/uploads\/2024\/01\/75-1024x683.jpg 1024w, https:\/\/vaycanbonhanvien-vb.online\/wp-content\/uploads\/2024\/01\/75-768x512.jpg 768w, https:\/\/vaycanbonhanvien-vb.online\/wp-content\/uploads\/2024\/01\/75-1536x1024.jpg 1536w, https:\/\/vaycanbonhanvien-vb.online\/wp-content\/uploads\/2024\/01\/75.jpg 2048w\" sizes=\"auto, (max-width: 300px) 100vw, 300px\" \/>\t\t\t\t\t\t\t<\/a>\n  \t\t\t\t\t\t\t  \t\t\t\t\t\t\t  \t\t\t\t\t\t<\/div>\n  \t\t\t\t\t\t  \t\t\t\t\t<\/div>\n          \t\t\t\t\t<div class=\"box-text text-left\" style=\"background-color:rgb(255, 255, 255);\">\n\t\t\t\t\t<div class=\"box-text-inner blog-post-inner\">\n\n\t\t\t\t\t\n\t\t\t\t\t\t\t\t\t\t<h5 class=\"post-title is-large \">\n\t\t\t\t\t\t<a href=\"https:\/\/vaycanbonhanvien-vb.online\/?p=78\" class=\"plain\">T\u1ed5ng quan v\u1ec1 t\u00edn ch\u1ea5p qua l\u01b0\u01a1ng<\/a>\n\t\t\t\t\t<\/h5>\n\t\t\t\t\t\t\t\t\t\t<div class=\"is-divider\"><\/div>\n\t\t\t\t\t\t\t\t\t\t<p class=\"from_the_blog_excerpt \">\n\t\t\t\t\t\t\t\t\t\t\t<\/p>\n\t\t\t\t\t                    \n\t\t\t\t\t\n\t\t\t\t\t\n\t\t\t\t\t<\/div>\n\t\t\t\t\t<\/div>\n\t\t\t\t\t\t\t\t\t\t\t\t\t\t\t\t<div class=\"badge absolute top post-date badge-outline\">\n\t\t\t\t\t\t\t<div class=\"badge-inner\">\n\t\t\t\t\t\t\t\t<span class=\"post-date-day\">29<\/span><br>\n\t\t\t\t\t\t\t\t<span class=\"post-date-month is-xsmall\">Th1<\/span>\n\t\t\t\t\t\t\t<\/div>\n\t\t\t\t\t\t<\/div>\n\t\t\t\t\t\t\t\t\t<\/div>\n\t\t\t<\/div>\n\t\t<\/div><\/div>\n\n\n\t\t<\/div>\n\t\t\t\t\t<\/div>\n\n\t\n\n<\/div>\n\n\t\t<\/div>\n\n\t\t\n<style>\n#section_1197558137 {\n  padding-top: 43px;\n  padding-bottom: 43px;\n  min-height: 276px;\n  background-color: rgb(241, 241, 241);\n}\n<\/style>\n\t<\/section>\n\t\n<div class=\"message-box relative dark\" style=\"padding-top:36px;padding-bottom:36px;\"><div class=\"message-box-bg-image bg-fill fill\" ><\/div><div class=\"message-box-bg-overlay bg-fill fill\" style=\"background-color:rgb(33, 143, 170);\"><\/div><div class=\"container relative\"><div class=\"inner last-reset\">\n\n<div class=\"row align-middle\"  id=\"row-1503099602\">\n\n\n\t<div id=\"col-1859931394\" class=\"col medium-7 small-12 large-7\"  >\n\t\t\t\t<div class=\"col-inner\"  >\n\t\t\t\n\t\t\t\n\n\t<div id=\"text-1930336126\" class=\"text\">\n\t\t\n\n<h2 class=\"uppercase\">vay t\u00edn ch\u1ea5p c\u00e1 nh\u00e2n<\/h2>\n<p>Hi\u1ec7n th\u1ef1c h\u00f3a m\u1ecdi k\u1ebf ho\u1ea1ch t\u00e0i ch\u00ednh<\/p>\n\t\t\n<style>\n#text-1930336126 {\n  color: rgb(255,255,255);\n}\n#text-1930336126 > * {\n  color: rgb(255,255,255);\n}\n<\/style>\n\t<\/div>\n\t\n\n\t\t<\/div>\n\t\t\t\t\t<\/div>\n\n\t\n\n\t<div id=\"col-2134888853\" class=\"col medium-5 small-12 large-5\"  >\n\t\t\t\t<div class=\"col-inner text-right\"  >\n\t\t\t\n\t\t\t\n\n<a data-animate=\"flipInY\" href=\"https:\/\/tuvantieudung-khcn.online\/?page_id=10\" class=\"button white is-outline is-larger\"  >\n    <span>\u0111\u0103ng k\u00fd ngay<\/span>\n  <\/a>\n\n\n\n\t\t<\/div>\n\t\t\t\t\t<\/div>\n\n\t\n\n<\/div>\n\n<\/div><\/div><\/div>\n\n","protected":false},"excerpt":{"rendered":"","protected":false},"author":1,"featured_media":0,"parent":0,"menu_order":0,"comment_status":"closed","ping_status":"closed","template":"page-blank.php","meta":{"footnotes":""},"class_list":["post-13","page","type-page","status-publish","hentry"],"_links":{"self":[{"href":"https:\/\/vaycanbonhanvien-vb.online\/index.php?rest_route=\/wp\/v2\/pages\/13","targetHints":{"allow":["GET"]}}],"collection":[{"href":"https:\/\/vaycanbonhanvien-vb.online\/index.php?rest_route=\/wp\/v2\/pages"}],"about":[{"href":"https:\/\/vaycanbonhanvien-vb.online\/index.php?rest_route=\/wp\/v2\/types\/page"}],"author":[{"embeddable":true,"href":"https:\/\/vaycanbonhanvien-vb.online\/index.php?rest_route=\/wp\/v2\/users\/1"}],"replies":[{"embeddable":true,"href":"https:\/\/vaycanbonhanvien-vb.online\/index.php?rest_route=%2Fwp%2Fv2%2Fcomments&post=13"}],"version-history":[{"count":0,"href":"https:\/\/vaycanbonhanvien-vb.online\/index.php?rest_route=\/wp\/v2\/pages\/13\/revisions"}],"wp:attachment":[{"href":"https:\/\/vaycanbonhanvien-vb.online\/index.php?rest_route=%2Fwp%2Fv2%2Fmedia&parent=13"}],"curies":[{"name":"wp","href":"https:\/\/api.w.org\/{rel}","templated":true}]}}