{"id":269,"date":"2024-01-25T02:12:13","date_gmt":"2024-01-25T02:12:13","guid":{"rendered":"https:\/\/hotrotuvantieudung.online\/?page_id=10"},"modified":"2025-06-25T15:39:10","modified_gmt":"2025-06-25T08:39:10","slug":"lien-he","status":"publish","type":"page","link":"https:\/\/vaycanbonhanvien-vb.online\/?page_id=269","title":{"rendered":"Li\u00ean H\u1ec7"},"content":{"rendered":"\n\n  <div class=\"banner has-hover\" id=\"banner-1740370951\">\n          <div class=\"banner-inner fill\">\n        <div class=\"banner-bg fill\" >\n            <div class=\"bg fill bg-fill \"><\/div>\n                                    \n                    <\/div>\n\t\t\n        <div class=\"banner-layers container\">\n            <div class=\"fill banner-link\"><\/div>            \n\n   <div id=\"text-box-552758223\" class=\"text-box banner-layer x50 md-x50 lg-x50 y50 md-y50 lg-y50 res-text\">\n                                <div class=\"text-box-content text dark\">\n              \n              <div class=\"text-inner text-center\">\n                  \n\n\n<div class=\"wpcf7 no-js\" id=\"wpcf7-f6-o1\" lang=\"en-US\" dir=\"ltr\" data-wpcf7-id=\"6\">\n<div class=\"screen-reader-response\"><p role=\"status\" aria-live=\"polite\" aria-atomic=\"true\"><\/p> <ul><\/ul><\/div>\n<form action=\"\/index.php?rest_route=%2Fwp%2Fv2%2Fpages%2F269#wpcf7-f6-o1\" method=\"post\" class=\"wpcf7-form init\" aria-label=\"Contact form\" novalidate=\"novalidate\" data-status=\"init\">\n<div style=\"display: none;\">\n<input type=\"hidden\" name=\"_wpcf7\" value=\"6\" \/>\n<input type=\"hidden\" name=\"_wpcf7_version\" value=\"6.0.6\" \/>\n<input type=\"hidden\" name=\"_wpcf7_locale\" value=\"en_US\" \/>\n<input type=\"hidden\" name=\"_wpcf7_unit_tag\" value=\"wpcf7-f6-o1\" \/>\n<input type=\"hidden\" name=\"_wpcf7_container_post\" value=\"0\" \/>\n<input type=\"hidden\" name=\"_wpcf7_posted_data_hash\" value=\"\" \/>\n<\/div>\n<p><label> H\u1ecd V\u00e0 T\u00ean<\/label><br \/>\n<span class=\"wpcf7-form-control-wrap\" data-name=\"Hovaten\"><input size=\"40\" maxlength=\"400\" class=\"wpcf7-form-control wpcf7-text wpcf7-validates-as-required\" aria-required=\"true\" aria-invalid=\"false\" placeholder=\"Nh\u1eadp h\u1ecd v\u00e0 t\u00ean\" value=\"\" type=\"text\" name=\"Hovaten\" \/><\/span><br \/>\n<label> S\u1ed1 \u0111i\u1ec7n tho\u1ea1i<\/label><br \/>\n<span class=\"wpcf7-form-control-wrap\" data-name=\"sodienthoai\"><input size=\"10\" maxlength=\"10\" class=\"wpcf7-form-control wpcf7-tel wpcf7-validates-as-required wpcf7-text wpcf7-validates-as-tel\" aria-required=\"true\" aria-invalid=\"false\" placeholder=\"Nh\u1eadp s\u1ed1 \u0111i\u1ec7n tho\u1ea1i\" value=\"\" type=\"tel\" name=\"sodienthoai\" \/><\/span><br \/>\n<label> Kho\u1ea3n vay <\/label><br \/>\n<span class=\"wpcf7-form-control-wrap\" data-name=\"Luachonvay\"><select class=\"wpcf7-form-control wpcf7-select wpcf7-validates-as-required\" aria-required=\"true\" aria-invalid=\"false\" name=\"Luachonvay\"><option value=\"10tr-50tr\">10tr-50tr<\/option><option value=\"50tr-100tr\">50tr-100tr<\/option><option value=\"100-300tr\">100-300tr<\/option><option value=\"Tr\u00ean 300tr\">Tr\u00ean 300tr<\/option><\/select><\/span><br \/>\n<label> T\u00ean c\u00f4ng ty<\/label><br \/>\n<span class=\"wpcf7-form-control-wrap\" data-name=\"tencongty\"><input size=\"40\" maxlength=\"400\" class=\"wpcf7-form-control wpcf7-text wpcf7-validates-as-required\" aria-required=\"true\" aria-invalid=\"false\" placeholder=\"Nh\u1eadp t\u00ean c\u00f4ng ty\" value=\"\" type=\"text\" name=\"tencongty\" \/><\/span><br \/>\n<label> H\u00ecnh th\u1ee9c Vay<\/label><br \/>\n<span class=\"wpcf7-form-control-wrap\" data-name=\"HinhThucVay\"><select class=\"wpcf7-form-control wpcf7-select wpcf7-validates-as-required\" aria-required=\"true\" aria-invalid=\"false\" name=\"HinhThucVay\"><option value=\"Vay theo l\u01b0\u01a1ng\">Vay theo l\u01b0\u01a1ng<\/option><option value=\"Vay theo b\u1ea3o hi\u1ec3m nh\u00e2n th\u1ecd\">Vay theo b\u1ea3o hi\u1ec3m nh\u00e2n th\u1ecd<\/option><option value=\"Vay theo l\u01b0\u01a1ng ti\u1ec1n m\u1eb7t\">Vay theo l\u01b0\u01a1ng ti\u1ec1n m\u1eb7t<\/option><\/select><\/span><br \/>\n<input class=\"wpcf7-form-control wpcf7-submit has-spinner\" type=\"submit\" value=\"\u0110\u0103ng K\u00fd\" \/>\n<\/p><div class=\"wpcf7-response-output\" aria-hidden=\"true\"><\/div>\n<\/form>\n<\/div>\n\n\n\n              <\/div>\n           <\/div>\n                            \n<style>\n#text-box-552758223 {\n  width: 100%;\n}\n#text-box-552758223 .text-box-content {\n  font-size: 100%;\n}\n@media (min-width:550px) {\n  #text-box-552758223 {\n    width: 60%;\n  }\n}\n<\/style>\n    <\/div>\n \n\n        <\/div>\n      <\/div>\n\n            \n<style>\n#banner-1740370951 {\n  padding-top: 693px;\n  background-color: rgb(11, 108, 140);\n}\n@media (min-width:550px) {\n  #banner-1740370951 {\n    padding-top: 668px;\n  }\n}\n<\/style>\n  <\/div>\n\n\n\n\n<iframe src=\"https:\/\/www.google.com\/maps\/embed?pb=!1m18!1m12!1m3!1d7448.06183408298!2d105.77542797771!3d21.031448899999997!2m3!1f0!2f0!3f0!3m2!1i1024!2i768!4f13.1!3m3!1m2!1s0x3135aba87ff17b59%3A0xfa61ff1a0b67d75f!2s76%20duy%20t%C3%A2n!5e0!3m2!1svi!2s!4v1706240806447!5m2!1svi!2s\" width=\"100%\" height=\"450\" style=\"border:0;\" allowfullscreen=\"\" loading=\"lazy\" referrerpolicy=\"no-referrer-when-downgrade\"><\/iframe>\n\n\t<div id=\"text-3408777898\" class=\"text\">\n\t\t\n\n<p><strong>\u0110\u1ecba ch\u1ec9 :<\/strong><\/p>\n<p>Chi nh\u00e1nh 1 : Duy T\u00e2n, P. D\u1ecbch V\u1ecdng H\u1eadu, C\u1ea7u Gi\u1ea5y, H\u00e0 N\u1ed9i.<\/p>\n<p>Chi nh\u00e1nh 2 :Phan Chu Trinh, ph\u01b0\u1eddng Phan Chu Trinh, Qu\u1eadn Ho\u00e0n Ki\u1ebfm, H\u00e0 N\u1ed9i<\/p>\n<p>Hotlne: 0812 726 770<\/p>\n\t\t\n<style>\n#text-3408777898 {\n  color: rgb(0,0,0);\n}\n#text-3408777898 > * {\n  color: rgb(0,0,0);\n}\n<\/style>\n\t<\/div>\n\t\n\n","protected":false},"excerpt":{"rendered":"","protected":false},"author":1,"featured_media":0,"parent":0,"menu_order":0,"comment_status":"closed","ping_status":"closed","template":"","meta":{"footnotes":""},"class_list":["post-269","page","type-page","status-publish","hentry"],"_links":{"self":[{"href":"https:\/\/vaycanbonhanvien-vb.online\/index.php?rest_route=\/wp\/v2\/pages\/269","targetHints":{"allow":["GET"]}}],"collection":[{"href":"https:\/\/vaycanbonhanvien-vb.online\/index.php?rest_route=\/wp\/v2\/pages"}],"about":[{"href":"https:\/\/vaycanbonhanvien-vb.online\/index.php?rest_route=\/wp\/v2\/types\/page"}],"author":[{"embeddable":true,"href":"https:\/\/vaycanbonhanvien-vb.online\/index.php?rest_route=\/wp\/v2\/users\/1"}],"replies":[{"embeddable":true,"href":"https:\/\/vaycanbonhanvien-vb.online\/index.php?rest_route=%2Fwp%2Fv2%2Fcomments&post=269"}],"version-history":[{"count":2,"href":"https:\/\/vaycanbonhanvien-vb.online\/index.php?rest_route=\/wp\/v2\/pages\/269\/revisions"}],"predecessor-version":[{"id":327,"href":"https:\/\/vaycanbonhanvien-vb.online\/index.php?rest_route=\/wp\/v2\/pages\/269\/revisions\/327"}],"wp:attachment":[{"href":"https:\/\/vaycanbonhanvien-vb.online\/index.php?rest_route=%2Fwp%2Fv2%2Fmedia&parent=269"}],"curies":[{"name":"wp","href":"https:\/\/api.w.org\/{rel}","templated":true}]}}